{"id":304,"date":"2024-01-20T17:58:31","date_gmt":"2024-01-20T16:58:31","guid":{"rendered":"https:\/\/starcoiffurecannes.com\/?page_id=304"},"modified":"2024-01-20T18:01:07","modified_gmt":"2024-01-20T17:01:07","slug":"bronzage","status":"publish","type":"page","link":"https:\/\/starcoiffurecannes.com\/index.php\/bronzage\/","title":{"rendered":"Bronzage"},"content":{"rendered":"<p>[et_pb_section fb_built=\u00a0\u00bb1&Prime; admin_label=\u00a0\u00bbHero\u00a0\u00bb _builder_version=\u00a0\u00bb4.24.0&Prime; use_background_color_gradient=\u00a0\u00bbon\u00a0\u00bb background_color_gradient_stops=\u00a0\u00bbrgba(58,58,58,0.9) 0%|rgba(22,22,22,0.8) 100%\u00a0\u00bb background_color_gradient_overlays_image=\u00a0\u00bbon\u00a0\u00bb background_color_gradient_start=\u00a0\u00bbrgba(58,58,58,0.9)\u00a0\u00bb background_color_gradient_end=\u00a0\u00bbrgba(22,22,22,0.8)\u00a0\u00bb background_image=\u00a0\u00bbhttps:\/\/starcoiffurecannes.com\/wp-content\/uploads\/2024\/01\/IMG_2133.png\u00a0\u00bb background_blend=\u00a0\u00bbdarken\u00a0\u00bb custom_padding=\u00a0\u00bb0vw||0vw||false|\u00a0\u00bb top_divider_style=\u00a0\u00bbarrow3&Prime; top_divider_color=\u00a0\u00bbrgba(255,255,255,0.07)\u00a0\u00bb top_divider_repeat=\u00a0\u00bb4x\u00a0\u00bb global_colors_info=\u00a0\u00bb{}\u00a0\u00bb][et_pb_row admin_label=\u00a0\u00bbHero\u00a0\u00bb _builder_version=\u00a0\u00bb4.17.6&Prime; background_size=\u00a0\u00bbinitial\u00a0\u00bb background_position=\u00a0\u00bbtop_left\u00a0\u00bb background_repeat=\u00a0\u00bbrepeat\u00a0\u00bb width_tablet=\u00a0\u00bb\u00a0\u00bb width_phone=\u00a0\u00bb\u00a0\u00bb width_last_edited=\u00a0\u00bbon|desktop\u00a0\u00bb max_width=\u00a0\u00bbnone\u00a0\u00bb height=\u00a0\u00bb280px\u00a0\u00bb height_tablet=\u00a0\u00bb369px\u00a0\u00bb height_phone=\u00a0\u00bb364px\u00a0\u00bb height_last_edited=\u00a0\u00bbon|desktop\u00a0\u00bb global_colors_info=\u00a0\u00bb{}\u00a0\u00bb][et_pb_column type=\u00a0\u00bb4_4&Prime; _builder_version=\u00a0\u00bb4.17.6&Prime; custom_padding=\u00a0\u00bb|||\u00a0\u00bb global_colors_info=\u00a0\u00bb{}\u00a0\u00bb custom_padding__hover=\u00a0\u00bb|||\u00a0\u00bb][\/et_pb_column][\/et_pb_row][\/et_pb_section][et_pb_section fb_built=\u00a0\u00bb1&Prime; admin_label=\u00a0\u00bbAbout Us\u00a0\u00bb _builder_version=\u00a0\u00bb4.24.0&Prime; background_color=\u00a0\u00bb#f5f4f0&Prime; background_enable_image=\u00a0\u00bboff\u00a0\u00bb background_enable_mask_style=\u00a0\u00bbon\u00a0\u00bb background_mask_color=\u00a0\u00bbrgba(196,133,39,0.07)\u00a0\u00bb custom_padding=\u00a0\u00bb0px||0px|||\u00a0\u00bb global_colors_info=\u00a0\u00bb{}\u00a0\u00bb][et_pb_row admin_label=\u00a0\u00bbAbout Us\u00a0\u00bb _builder_version=\u00a0\u00bb4.17.6&Prime; background_color_gradient_direction=\u00a0\u00bb140deg\u00a0\u00bb custom_padding=\u00a0\u00bb|||\u00a0\u00bb global_colors_info=\u00a0\u00bb{}\u00a0\u00bb][et_pb_column type=\u00a0\u00bb4_4&Prime; _builder_version=\u00a0\u00bb4.16&Prime; custom_padding=\u00a0\u00bb60px||60px||false|false\u00a0\u00bb custom_padding_tablet=\u00a0\u00bb20px||20px||true|false\u00a0\u00bb custom_padding_phone=\u00a0\u00bb\u00a0\u00bb custom_padding_last_edited=\u00a0\u00bbon|tablet\u00a0\u00bb global_colors_info=\u00a0\u00bb{}\u00a0\u00bb padding_tablet=\u00a0\u00bb||7vw|\u00a0\u00bb padding_last_edited=\u00a0\u00bbon|tablet\u00a0\u00bb custom_padding__hover=\u00a0\u00bb|||\u00a0\u00bb padding_phone=\u00a0\u00bb||7vw|\u00a0\u00bb][et_pb_text admin_label=\u00a0\u00bbSubtitle\u00a0\u00bb _builder_version=\u00a0\u00bb4.24.0&Prime; text_font=\u00a0\u00bb||||||||\u00a0\u00bb header_font=\u00a0\u00bb||||||||\u00a0\u00bb header_4_font=\u00a0\u00bbPoppins|600||on|||||\u00a0\u00bb header_4_text_color=\u00a0\u00bb#af8447&Prime; header_4_font_size=\u00a0\u00bb16px\u00a0\u00bb header_4_letter_spacing=\u00a0\u00bb5px\u00a0\u00bb header_4_line_height=\u00a0\u00bb1.4em\u00a0\u00bb max_width=\u00a0\u00bb470px\u00a0\u00bb custom_margin=\u00a0\u00bb||0px|\u00a0\u00bb animation_style=\u00a0\u00bbslide\u00a0\u00bb animation_direction=\u00a0\u00bbtop\u00a0\u00bb animation_intensity_slide=\u00a0\u00bb10%\u00a0\u00bb animation_starting_opacity=\u00a0\u00bb100%\u00a0\u00bb header_4_font_size_tablet=\u00a0\u00bb15px\u00a0\u00bb header_4_font_size_phone=\u00a0\u00bb14px\u00a0\u00bb header_4_font_size_last_edited=\u00a0\u00bbon|phone\u00a0\u00bb global_colors_info=\u00a0\u00bb{}\u00a0\u00bb]<\/p>\n<h4><span style=\"color: #b0a06c;\">BRONZAGE<br \/><\/span><\/h4>\n<p>[\/et_pb_text][et_pb_divider color=\u00a0\u00bb#b0a06c\u00a0\u00bb divider_position=\u00a0\u00bbcenter\u00a0\u00bb divider_weight=\u00a0\u00bb3px\u00a0\u00bb _builder_version=\u00a0\u00bb4.17.6&Prime; max_width=\u00a0\u00bb30px\u00a0\u00bb custom_margin=\u00a0\u00bb||10px|\u00a0\u00bb animation_style=\u00a0\u00bbslide\u00a0\u00bb animation_direction=\u00a0\u00bbtop\u00a0\u00bb animation_intensity_slide=\u00a0\u00bb10%\u00a0\u00bb animation_starting_opacity=\u00a0\u00bb100%\u00a0\u00bb global_colors_info=\u00a0\u00bb{}\u00a0\u00bb][\/et_pb_divider][et_pb_text admin_label=\u00a0\u00bbTitle\u00a0\u00bb _builder_version=\u00a0\u00bb4.24.0&Prime; header_font=\u00a0\u00bb||||||||\u00a0\u00bb header_2_font=\u00a0\u00bbVast Shadow|500|||||||\u00a0\u00bb header_2_font_size=\u00a0\u00bb36px\u00a0\u00bb header_2_line_height=\u00a0\u00bb1.4em\u00a0\u00bb custom_margin=\u00a0\u00bb||20px|\u00a0\u00bb animation_style=\u00a0\u00bbfold\u00a0\u00bb animation_direction=\u00a0\u00bbbottom\u00a0\u00bb animation_intensity_fold=\u00a0\u00bb10%\u00a0\u00bb animation_starting_opacity=\u00a0\u00bb100%\u00a0\u00bb header_2_font_size_tablet=\u00a0\u00bb28px\u00a0\u00bb header_2_font_size_phone=\u00a0\u00bb22px\u00a0\u00bb header_2_font_size_last_edited=\u00a0\u00bbon|phone\u00a0\u00bb global_colors_info=\u00a0\u00bb{}\u00a0\u00bb]<\/p>\n<h2>Ingr\u00e9dients &amp; formulation<\/h2>\n<p>[\/et_pb_text][et_pb_text _builder_version=\u00a0\u00bb4.24.0&Prime; text_font=\u00a0\u00bbPoppins||||||||\u00a0\u00bb text_font_size=\u00a0\u00bb16px\u00a0\u00bb text_line_height=\u00a0\u00bb2em\u00a0\u00bb animation_style=\u00a0\u00bbfade\u00a0\u00bb text_font_size_tablet=\u00a0\u00bb15px\u00a0\u00bb text_font_size_phone=\u00a0\u00bb14px\u00a0\u00bb text_font_size_last_edited=\u00a0\u00bbon|phone\u00a0\u00bb global_colors_info=\u00a0\u00bb{}\u00a0\u00bb]<\/p>\n<div class=\"rq0escxv l9j0dhe7 du4w35lb j83agx80 cbu4d94t d2edcug0 hpfvmrgz rj1gh0hx buofh1pr g5gj957u o8rfisnq p8fzw8mz pcp91wgn iuny7tx3 ipjc6fyt\">\n<div class=\"j83agx80 cbu4d94t ew0dbk1b irj2b8pg\">\n<div class=\"qzhwtbm6 knvmm38d\">\n<div class=\"j83agx80 cbu4d94t ew0dbk1b irj2b8pg\">\n<div class=\"qzhwtbm6 knvmm38d\">\n<div class=\"kvgmc6g5 cxmmr5t8 oygrvhab hcukyx3x c1et5uql\">\n<div class=\"card-body\">Nous proposons un produit unique qui contient un actif hydratant (Aloe Vera, Acide Hyaluronique). Sans nanoparticule, sans silicone, sans savon, sans paraben, non test\u00e9 sur les animaux, sans OGM et qui n&rsquo;obstrue pas les pores. Notre formule contient l&rsquo;actif Vegetan, agent bronzant 100% naturel.<\/div>\n<\/div>\n<\/div>\n<\/div>\n<\/div>\n<\/div>\n<\/div>\n<p>[\/et_pb_text][et_pb_text admin_label=\u00a0\u00bbTitle\u00a0\u00bb _builder_version=\u00a0\u00bb4.24.0&Prime; header_font=\u00a0\u00bb||||||||\u00a0\u00bb header_2_font=\u00a0\u00bbVast Shadow|500|||||||\u00a0\u00bb header_2_font_size=\u00a0\u00bb36px\u00a0\u00bb header_2_line_height=\u00a0\u00bb1.4em\u00a0\u00bb custom_margin=\u00a0\u00bb||20px|\u00a0\u00bb animation_style=\u00a0\u00bbfold\u00a0\u00bb animation_direction=\u00a0\u00bbbottom\u00a0\u00bb animation_intensity_fold=\u00a0\u00bb10%\u00a0\u00bb animation_starting_opacity=\u00a0\u00bb100%\u00a0\u00bb header_2_font_size_tablet=\u00a0\u00bb28px\u00a0\u00bb header_2_font_size_phone=\u00a0\u00bb22px\u00a0\u00bb header_2_font_size_last_edited=\u00a0\u00bbon|phone\u00a0\u00bb global_colors_info=\u00a0\u00bb{}\u00a0\u00bb]<\/p>\n<h2>Bronzage d&rsquo;exception<\/h2>\n<p>[\/et_pb_text][et_pb_text _builder_version=\u00a0\u00bb4.24.0&Prime; text_font=\u00a0\u00bbPoppins||||||||\u00a0\u00bb text_font_size=\u00a0\u00bb16px\u00a0\u00bb text_line_height=\u00a0\u00bb2em\u00a0\u00bb animation_style=\u00a0\u00bbfade\u00a0\u00bb text_font_size_tablet=\u00a0\u00bb15px\u00a0\u00bb text_font_size_phone=\u00a0\u00bb14px\u00a0\u00bb text_font_size_last_edited=\u00a0\u00bbon|phone\u00a0\u00bb global_colors_info=\u00a0\u00bb{}\u00a0\u00bb]<\/p>\n<div class=\"rq0escxv l9j0dhe7 du4w35lb j83agx80 cbu4d94t d2edcug0 hpfvmrgz rj1gh0hx buofh1pr g5gj957u o8rfisnq p8fzw8mz pcp91wgn iuny7tx3 ipjc6fyt\">\n<div class=\"j83agx80 cbu4d94t ew0dbk1b irj2b8pg\">\n<div class=\"qzhwtbm6 knvmm38d\">\n<div class=\"j83agx80 cbu4d94t ew0dbk1b irj2b8pg\">\n<div class=\"qzhwtbm6 knvmm38d\">\n<div class=\"kvgmc6g5 cxmmr5t8 oygrvhab hcukyx3x c1et5uql\">\n<div class=\"card-body\">\u00c9t\u00e9 comme hiver, illuminez votre peau avec Bronzag&rsquo;Expert.<br \/>Contrairement au soleil et aux UV. Bronzag&rsquo;Expert n&rsquo;entame pas votre capital solaire ! Une exp\u00e9rience d&rsquo;exception de bronzage par micro-brumisation qui vous procure un h\u00e2le uniforme et lumineux. Profitez d&rsquo;un bronzage intense et durable d\u00e8s la premi\u00e8re s\u00e9ance. Le bronzage est quasi instantan\u00e9 et s&rsquo;accentue dans les quelques heures qui suivent votre s\u00e9ance. Seules quelques minutes suffisent : environ 40 secondes pour un visage et d\u00e9collet\u00e9 et 10 minutes pour un corps complet. Une formule unique \u00e9labor\u00e9e et fabriqu\u00e9e en France qui contient un activateur de m\u00e9lanine; pour un r\u00e9sultat adapt\u00e9 \u00e0 chaque type de peau. 99% des ingr\u00e9dients sont d&rsquo;origine naturelle. Le site de fabrication est conforme \u00e0 la norme EN ISO 22716 et \u00e0 la r\u00e9glementation CE n\u00b01223\/2009.<\/div>\n<\/div>\n<\/div>\n<\/div>\n<\/div>\n<\/div>\n<\/div>\n<p>[\/et_pb_text][\/et_pb_column][\/et_pb_row][\/et_pb_section][et_pb_section fb_built=\u00a0\u00bb1&Prime; prev_background_color=\u00a0\u00bb#f5f4f0&Prime; _builder_version=\u00a0\u00bb4.24.0&Prime; _module_preset=\u00a0\u00bbdefault\u00a0\u00bb background_image=\u00a0\u00bbhttps:\/\/starcoiffurecannes.com\/wp-content\/uploads\/2024\/01\/IMG_2133.png\u00a0\u00bb height=\u00a0\u00bb300px\u00a0\u00bb top_divider_style=\u00a0\u00bbmountains2&Prime; bottom_divider_style=\u00a0\u00bbmountains2&Prime; bottom_divider_color=\u00a0\u00bb#262626&Prime; global_colors_info=\u00a0\u00bb{}\u00a0\u00bb][\/et_pb_section][et_pb_section fb_built=\u00a0\u00bb1&Prime; admin_label=\u00a0\u00bbAppointment and Gallery\u00a0\u00bb _builder_version=\u00a0\u00bb4.24.0&Prime; background_enable_image=\u00a0\u00bboff\u00a0\u00bb background_position=\u00a0\u00bbtop_center\u00a0\u00bb min_height=\u00a0\u00bb400px\u00a0\u00bb custom_padding=\u00a0\u00bb28px||0px|||\u00a0\u00bb global_colors_info=\u00a0\u00bb{}\u00a0\u00bb][et_pb_row column_structure=\u00a0\u00bb1_4,1_4,1_4,1_4&Prime; use_custom_gutter=\u00a0\u00bbon\u00a0\u00bb gutter_width=\u00a0\u00bb1&Prime; _builder_version=\u00a0\u00bb4.24.0&Prime; _module_preset=\u00a0\u00bbdefault\u00a0\u00bb background_color=\u00a0\u00bb#000000&Prime; width=\u00a0\u00bb100%\u00a0\u00bb max_width=\u00a0\u00bb2560px\u00a0\u00bb module_alignment=\u00a0\u00bbcenter\u00a0\u00bb custom_margin=\u00a0\u00bb-29px|auto||auto||\u00a0\u00bb global_colors_info=\u00a0\u00bb{}\u00a0\u00bb][et_pb_column type=\u00a0\u00bb1_4&Prime; _builder_version=\u00a0\u00bb4.24.0&Prime; _module_preset=\u00a0\u00bbdefault\u00a0\u00bb global_colors_info=\u00a0\u00bb{}\u00a0\u00bb][et_pb_image src=\u00a0\u00bbhttps:\/\/starcoiffurecannes.com\/wp-content\/uploads\/2024\/01\/IMG_2150.png\u00a0\u00bb title_text=\u00a0\u00bbIMG_2150&Prime; _builder_version=\u00a0\u00bb4.24.0&Prime; _module_preset=\u00a0\u00bbdefault\u00a0\u00bb global_colors_info=\u00a0\u00bb{}\u00a0\u00bb][\/et_pb_image][\/et_pb_column][et_pb_column type=\u00a0\u00bb1_4&Prime; _builder_version=\u00a0\u00bb4.24.0&Prime; _module_preset=\u00a0\u00bbdefault\u00a0\u00bb global_colors_info=\u00a0\u00bb{}\u00a0\u00bb][et_pb_image src=\u00a0\u00bbhttps:\/\/starcoiffurecannes.com\/wp-content\/uploads\/2024\/01\/IMG_2142.png\u00a0\u00bb title_text=\u00a0\u00bbIMG_2142&Prime; _builder_version=\u00a0\u00bb4.24.0&Prime; _module_preset=\u00a0\u00bbdefault\u00a0\u00bb global_colors_info=\u00a0\u00bb{}\u00a0\u00bb][\/et_pb_image][\/et_pb_column][et_pb_column type=\u00a0\u00bb1_4&Prime; _builder_version=\u00a0\u00bb4.24.0&Prime; _module_preset=\u00a0\u00bbdefault\u00a0\u00bb global_colors_info=\u00a0\u00bb{}\u00a0\u00bb][et_pb_image src=\u00a0\u00bbhttps:\/\/starcoiffurecannes.com\/wp-content\/uploads\/2024\/01\/image1.png\u00a0\u00bb title_text=\u00a0\u00bbimage1&Prime; _builder_version=\u00a0\u00bb4.24.0&Prime; _module_preset=\u00a0\u00bbdefault\u00a0\u00bb global_colors_info=\u00a0\u00bb{}\u00a0\u00bb][\/et_pb_image][\/et_pb_column][et_pb_column type=\u00a0\u00bb1_4&Prime; _builder_version=\u00a0\u00bb4.24.0&Prime; _module_preset=\u00a0\u00bbdefault\u00a0\u00bb global_colors_info=\u00a0\u00bb{}\u00a0\u00bb][et_pb_image src=\u00a0\u00bbhttps:\/\/starcoiffurecannes.com\/wp-content\/uploads\/2024\/01\/IMG_2157.png\u00a0\u00bb title_text=\u00a0\u00bbIMG_2157&Prime; _builder_version=\u00a0\u00bb4.24.0&Prime; _module_preset=\u00a0\u00bbdefault\u00a0\u00bb global_colors_info=\u00a0\u00bb{}\u00a0\u00bb][\/et_pb_image][\/et_pb_column][\/et_pb_row][\/et_pb_section]<\/p>\n","protected":false},"excerpt":{"rendered":"<p>BRONZAGEIngr\u00e9dients &amp; formulation Nous proposons un produit unique qui contient un actif hydratant (Aloe Vera, Acide Hyaluronique). Sans nanoparticule, sans silicone, sans savon, sans paraben, non test\u00e9 sur les animaux, sans OGM et qui n&rsquo;obstrue pas les pores. Notre formule contient l&rsquo;actif Vegetan, agent bronzant 100% naturel. Bronzage d&rsquo;exception \u00c9t\u00e9 comme hiver, illuminez votre peau [&hellip;]<\/p>\n","protected":false},"author":1,"featured_media":0,"parent":0,"menu_order":0,"comment_status":"closed","ping_status":"closed","template":"","meta":{"_et_pb_use_builder":"on","_et_pb_old_content":"","_et_gb_content_width":"","footnotes":""},"class_list":["post-304","page","type-page","status-publish","hentry"],"yoast_head":"<!-- This site is optimized with the Yoast SEO plugin v27.3 - https:\/\/yoast.com\/product\/yoast-seo-wordpress\/ -->\n<title>Bronzage - Star Coiffure Cannes<\/title>\n<meta name=\"robots\" content=\"index, follow, max-snippet:-1, max-image-preview:large, max-video-preview:-1\" \/>\n<link rel=\"canonical\" href=\"https:\/\/starcoiffurecannes.com\/index.php\/bronzage\/\" \/>\n<meta property=\"og:locale\" content=\"fr_FR\" \/>\n<meta property=\"og:type\" content=\"article\" \/>\n<meta property=\"og:title\" content=\"Bronzage - Star Coiffure Cannes\" \/>\n<meta property=\"og:description\" content=\"BRONZAGEIngr\u00e9dients &amp; formulation Nous proposons un produit unique qui contient un actif hydratant (Aloe Vera, Acide Hyaluronique). Sans nanoparticule, sans silicone, sans savon, sans paraben, non test\u00e9 sur les animaux, sans OGM et qui n&#039;obstrue pas les pores. Notre formule contient l&#039;actif Vegetan, agent bronzant 100% naturel. Bronzage d&#039;exception \u00c9t\u00e9 comme hiver, illuminez votre peau [&hellip;]\" \/>\n<meta property=\"og:url\" content=\"https:\/\/starcoiffurecannes.com\/index.php\/bronzage\/\" \/>\n<meta property=\"og:site_name\" content=\"Star Coiffure Cannes\" \/>\n<meta property=\"article:publisher\" content=\"https:\/\/fr-fr.facebook.com\/starcoiffurecannes\/\" \/>\n<meta property=\"article:modified_time\" content=\"2024-01-20T17:01:07+00:00\" \/>\n<meta name=\"twitter:card\" content=\"summary_large_image\" \/>\n<meta name=\"twitter:label1\" content=\"Dur\u00e9e de lecture estim\u00e9e\" \/>\n\t<meta name=\"twitter:data1\" content=\"5 minutes\" \/>\n<script type=\"application\/ld+json\" class=\"yoast-schema-graph\">{\"@context\":\"https:\\\/\\\/schema.org\",\"@graph\":[{\"@type\":\"WebPage\",\"@id\":\"https:\\\/\\\/starcoiffurecannes.com\\\/index.php\\\/bronzage\\\/\",\"url\":\"https:\\\/\\\/starcoiffurecannes.com\\\/index.php\\\/bronzage\\\/\",\"name\":\"Bronzage - Star Coiffure Cannes\",\"isPartOf\":{\"@id\":\"https:\\\/\\\/starcoiffurecannes.com\\\/#website\"},\"datePublished\":\"2024-01-20T16:58:31+00:00\",\"dateModified\":\"2024-01-20T17:01:07+00:00\",\"breadcrumb\":{\"@id\":\"https:\\\/\\\/starcoiffurecannes.com\\\/index.php\\\/bronzage\\\/#breadcrumb\"},\"inLanguage\":\"fr-FR\",\"potentialAction\":[{\"@type\":\"ReadAction\",\"target\":[\"https:\\\/\\\/starcoiffurecannes.com\\\/index.php\\\/bronzage\\\/\"]}]},{\"@type\":\"BreadcrumbList\",\"@id\":\"https:\\\/\\\/starcoiffurecannes.com\\\/index.php\\\/bronzage\\\/#breadcrumb\",\"itemListElement\":[{\"@type\":\"ListItem\",\"position\":1,\"name\":\"Accueil\",\"item\":\"https:\\\/\\\/starcoiffurecannes.com\\\/\"},{\"@type\":\"ListItem\",\"position\":2,\"name\":\"Bronzage\"}]},{\"@type\":\"WebSite\",\"@id\":\"https:\\\/\\\/starcoiffurecannes.com\\\/#website\",\"url\":\"https:\\\/\\\/starcoiffurecannes.com\\\/\",\"name\":\"Star Coiffure Cannes\",\"description\":\"since 1999\",\"publisher\":{\"@id\":\"https:\\\/\\\/starcoiffurecannes.com\\\/#organization\"},\"potentialAction\":[{\"@type\":\"SearchAction\",\"target\":{\"@type\":\"EntryPoint\",\"urlTemplate\":\"https:\\\/\\\/starcoiffurecannes.com\\\/?s={search_term_string}\"},\"query-input\":{\"@type\":\"PropertyValueSpecification\",\"valueRequired\":true,\"valueName\":\"search_term_string\"}}],\"inLanguage\":\"fr-FR\"},{\"@type\":\"Organization\",\"@id\":\"https:\\\/\\\/starcoiffurecannes.com\\\/#organization\",\"name\":\"Star Coiffure Cannes\",\"url\":\"https:\\\/\\\/starcoiffurecannes.com\\\/\",\"logo\":{\"@type\":\"ImageObject\",\"inLanguage\":\"fr-FR\",\"@id\":\"https:\\\/\\\/starcoiffurecannes.com\\\/#\\\/schema\\\/logo\\\/image\\\/\",\"url\":\"https:\\\/\\\/starcoiffurecannes.com\\\/wp-content\\\/uploads\\\/2022\\\/08\\\/cropped-Drapeau-OK.png\",\"contentUrl\":\"https:\\\/\\\/starcoiffurecannes.com\\\/wp-content\\\/uploads\\\/2022\\\/08\\\/cropped-Drapeau-OK.png\",\"width\":512,\"height\":512,\"caption\":\"Star Coiffure Cannes\"},\"image\":{\"@id\":\"https:\\\/\\\/starcoiffurecannes.com\\\/#\\\/schema\\\/logo\\\/image\\\/\"},\"sameAs\":[\"https:\\\/\\\/fr-fr.facebook.com\\\/starcoiffurecannes\\\/\",\"https:\\\/\\\/www.instagram.com\\\/starcoiffure_cannes\"]}]}<\/script>\n<!-- \/ Yoast SEO plugin. -->","yoast_head_json":{"title":"Bronzage - Star Coiffure Cannes","robots":{"index":"index","follow":"follow","max-snippet":"max-snippet:-1","max-image-preview":"max-image-preview:large","max-video-preview":"max-video-preview:-1"},"canonical":"https:\/\/starcoiffurecannes.com\/index.php\/bronzage\/","og_locale":"fr_FR","og_type":"article","og_title":"Bronzage - Star Coiffure Cannes","og_description":"BRONZAGEIngr\u00e9dients &amp; formulation Nous proposons un produit unique qui contient un actif hydratant (Aloe Vera, Acide Hyaluronique). Sans nanoparticule, sans silicone, sans savon, sans paraben, non test\u00e9 sur les animaux, sans OGM et qui n'obstrue pas les pores. Notre formule contient l'actif Vegetan, agent bronzant 100% naturel. Bronzage d'exception \u00c9t\u00e9 comme hiver, illuminez votre peau [&hellip;]","og_url":"https:\/\/starcoiffurecannes.com\/index.php\/bronzage\/","og_site_name":"Star Coiffure Cannes","article_publisher":"https:\/\/fr-fr.facebook.com\/starcoiffurecannes\/","article_modified_time":"2024-01-20T17:01:07+00:00","twitter_card":"summary_large_image","twitter_misc":{"Dur\u00e9e de lecture estim\u00e9e":"5 minutes"},"schema":{"@context":"https:\/\/schema.org","@graph":[{"@type":"WebPage","@id":"https:\/\/starcoiffurecannes.com\/index.php\/bronzage\/","url":"https:\/\/starcoiffurecannes.com\/index.php\/bronzage\/","name":"Bronzage - Star Coiffure Cannes","isPartOf":{"@id":"https:\/\/starcoiffurecannes.com\/#website"},"datePublished":"2024-01-20T16:58:31+00:00","dateModified":"2024-01-20T17:01:07+00:00","breadcrumb":{"@id":"https:\/\/starcoiffurecannes.com\/index.php\/bronzage\/#breadcrumb"},"inLanguage":"fr-FR","potentialAction":[{"@type":"ReadAction","target":["https:\/\/starcoiffurecannes.com\/index.php\/bronzage\/"]}]},{"@type":"BreadcrumbList","@id":"https:\/\/starcoiffurecannes.com\/index.php\/bronzage\/#breadcrumb","itemListElement":[{"@type":"ListItem","position":1,"name":"Accueil","item":"https:\/\/starcoiffurecannes.com\/"},{"@type":"ListItem","position":2,"name":"Bronzage"}]},{"@type":"WebSite","@id":"https:\/\/starcoiffurecannes.com\/#website","url":"https:\/\/starcoiffurecannes.com\/","name":"Star Coiffure Cannes","description":"since 1999","publisher":{"@id":"https:\/\/starcoiffurecannes.com\/#organization"},"potentialAction":[{"@type":"SearchAction","target":{"@type":"EntryPoint","urlTemplate":"https:\/\/starcoiffurecannes.com\/?s={search_term_string}"},"query-input":{"@type":"PropertyValueSpecification","valueRequired":true,"valueName":"search_term_string"}}],"inLanguage":"fr-FR"},{"@type":"Organization","@id":"https:\/\/starcoiffurecannes.com\/#organization","name":"Star Coiffure Cannes","url":"https:\/\/starcoiffurecannes.com\/","logo":{"@type":"ImageObject","inLanguage":"fr-FR","@id":"https:\/\/starcoiffurecannes.com\/#\/schema\/logo\/image\/","url":"https:\/\/starcoiffurecannes.com\/wp-content\/uploads\/2022\/08\/cropped-Drapeau-OK.png","contentUrl":"https:\/\/starcoiffurecannes.com\/wp-content\/uploads\/2022\/08\/cropped-Drapeau-OK.png","width":512,"height":512,"caption":"Star Coiffure Cannes"},"image":{"@id":"https:\/\/starcoiffurecannes.com\/#\/schema\/logo\/image\/"},"sameAs":["https:\/\/fr-fr.facebook.com\/starcoiffurecannes\/","https:\/\/www.instagram.com\/starcoiffure_cannes"]}]}},"_links":{"self":[{"href":"https:\/\/starcoiffurecannes.com\/index.php\/wp-json\/wp\/v2\/pages\/304","targetHints":{"allow":["GET"]}}],"collection":[{"href":"https:\/\/starcoiffurecannes.com\/index.php\/wp-json\/wp\/v2\/pages"}],"about":[{"href":"https:\/\/starcoiffurecannes.com\/index.php\/wp-json\/wp\/v2\/types\/page"}],"author":[{"embeddable":true,"href":"https:\/\/starcoiffurecannes.com\/index.php\/wp-json\/wp\/v2\/users\/1"}],"replies":[{"embeddable":true,"href":"https:\/\/starcoiffurecannes.com\/index.php\/wp-json\/wp\/v2\/comments?post=304"}],"version-history":[{"count":4,"href":"https:\/\/starcoiffurecannes.com\/index.php\/wp-json\/wp\/v2\/pages\/304\/revisions"}],"predecessor-version":[{"id":317,"href":"https:\/\/starcoiffurecannes.com\/index.php\/wp-json\/wp\/v2\/pages\/304\/revisions\/317"}],"wp:attachment":[{"href":"https:\/\/starcoiffurecannes.com\/index.php\/wp-json\/wp\/v2\/media?parent=304"}],"curies":[{"name":"wp","href":"https:\/\/api.w.org\/{rel}","templated":true}]}}